{"id":9,"date":"2019-03-03T11:55:22","date_gmt":"2019-03-03T10:55:22","guid":{"rendered":"http:\/\/touchelibre.fr\/?page_id=9"},"modified":"2021-02-07T09:16:40","modified_gmt":"2021-02-07T08:16:40","slug":"a-propos-de","status":"publish","type":"page","link":"https:\/\/touchelibre.fr\/index.php\/a-propos-de\/","title":{"rendered":"Le Projet"},"content":{"rendered":"<h2>Le But du Projet<\/h2>\n<p style=\"text-align: left;\">Modernisons les interfaces homme\/machine de l\u2019informatique. Sortons de l\u2019archa\u00efsme des claviers informatiques actuels dont le design date de la machine \u00e0 \u00e9crire pour aller vers une<strong> v\u00e9ritable ergonomie<\/strong> faite pour des mains humaines et non pour les poulpes.<\/p>\n<p>En introduisant une intelligence dans les claviers, c\u2019est tout un champ des possibles qui s\u2019ouvre. Faisons du clavier<strong> plus qu\u2019une simple interface homme\/machine, mais un v\u00e9ritable compagnon de travail ou de jeu<\/strong>.<\/p>\n<h2>Rejoindre le Projet<\/h2>\n<p>Programmeur, \u00e9lectronicien, \u00e9b\u00e9niste, ou simple bidouilleur, <strong>vos envies et votre motivation sont le v\u00e9ritable moteur du projet<\/strong>.<\/p>\n<p>Si le projet vous pla\u00eet, <a href=\"http:\/\/touchelibre.fr\/index.php\/contact\/\">contacter Lilian<\/a>.<\/p>\n","protected":false},"excerpt":{"rendered":"<p>Le But du Projet Modernisons les interfaces homme\/machine de l\u2019informatique. Sortons de l\u2019archa\u00efsme des claviers informatiques actuels dont le design date de la machine \u00e0 \u00e9crire pour aller vers une v\u00e9ritable ergonomie faite pour des mains humaines et non pour les poulpes. En introduisant une intelligence dans les claviers, c\u2019est tout un champ des possibles &hellip; <\/p>\n<p class=\"link-more\"><a href=\"https:\/\/touchelibre.fr\/index.php\/a-propos-de\/\" class=\"more-link\">Continuer la lecture<span class=\"screen-reader-text\"> de &laquo;&nbsp;Le Projet&nbsp;&raquo;<\/span><\/a><\/p>\n","protected":false},"author":1,"featured_media":142,"parent":0,"menu_order":0,"comment_status":"closed","ping_status":"closed","template":"","meta":[],"_links":{"self":[{"href":"https:\/\/touchelibre.fr\/index.php\/wp-json\/wp\/v2\/pages\/9"}],"collection":[{"href":"https:\/\/touchelibre.fr\/index.php\/wp-json\/wp\/v2\/pages"}],"about":[{"href":"https:\/\/touchelibre.fr\/index.php\/wp-json\/wp\/v2\/types\/page"}],"author":[{"embeddable":true,"href":"https:\/\/touchelibre.fr\/index.php\/wp-json\/wp\/v2\/users\/1"}],"replies":[{"embeddable":true,"href":"https:\/\/touchelibre.fr\/index.php\/wp-json\/wp\/v2\/comments?post=9"}],"version-history":[{"count":8,"href":"https:\/\/touchelibre.fr\/index.php\/wp-json\/wp\/v2\/pages\/9\/revisions"}],"predecessor-version":[{"id":485,"href":"https:\/\/touchelibre.fr\/index.php\/wp-json\/wp\/v2\/pages\/9\/revisions\/485"}],"wp:featuredmedia":[{"embeddable":true,"href":"https:\/\/touchelibre.fr\/index.php\/wp-json\/wp\/v2\/media\/142"}],"wp:attachment":[{"href":"https:\/\/touchelibre.fr\/index.php\/wp-json\/wp\/v2\/media?parent=9"}],"curies":[{"name":"wp","href":"https:\/\/api.w.org\/{rel}","templated":true}]}}