{"id":62,"date":"2019-03-03T15:17:19","date_gmt":"2019-03-03T14:17:19","guid":{"rendered":"http:\/\/touchelibre.fr\/?page_id=62"},"modified":"2021-02-07T10:32:51","modified_gmt":"2021-02-07T09:32:51","slug":"la-disposition-kea","status":"publish","type":"page","link":"https:\/\/touchelibre.fr\/index.php\/la-disposition-kea\/","title":{"rendered":"La Disposition K\u00e9a"},"content":{"rendered":"\r\n<blockquote>\r\n<p><span style=\"font-size: 18pt;\">Disposition\u202f: \u00c0 quels glyphes ou caract\u00e8res sont affect\u00e9s chacune des touches.<\/span><\/p>\r\n<\/blockquote>\r\n<p>&nbsp;<\/p>\r\n<h1>K\u00e9a,\u00a0 une alternative extraordinaire au Qwerty<\/h1>\r\n<p>&nbsp;<\/p>\r\n<p><img loading=\"lazy\" class=\"aligncenter size-full wp-image-333\" src=\"http:\/\/touchelibre.fr\/wp-content\/uploads\/2021\/01\/Disposition_Kea_v2.png\" alt=\"\" width=\"1514\" height=\"807\" srcset=\"https:\/\/touchelibre.fr\/wp-content\/uploads\/2021\/01\/Disposition_Kea_v2.png 1514w, https:\/\/touchelibre.fr\/wp-content\/uploads\/2021\/01\/Disposition_Kea_v2-300x160.png 300w, https:\/\/touchelibre.fr\/wp-content\/uploads\/2021\/01\/Disposition_Kea_v2-1024x546.png 1024w, https:\/\/touchelibre.fr\/wp-content\/uploads\/2021\/01\/Disposition_Kea_v2-768x409.png 768w\" sizes=\"(max-width: 767px) 89vw, (max-width: 1000px) 54vw, (max-width: 1071px) 543px, 580px\" \/><\/p>\r\n<p>&nbsp;<\/p>\r\n<p>K\u00e9a est bas\u00e9 sur la m\u00e9thode Dvorak et inspir\u00e9 du B\u00e9po.<\/p>\r\n<p>Pour obtenir une solution qui soit r\u00e9ellement ergonomique, une bonne g\u00e9om\u00e9trie ne suffit pas, il faut aussi choisir\u00a0 une bonne disposition de touche. C\u2019est pr\u00e9cis\u00e9ment le r\u00f4le du K\u00e9a.<\/p>\r\n<p>\u00c0\u202fce titre, le B\u00e9po peut \u00e9galement \u00eatre un bon choix. Le K\u00e9a se distingue du B\u00e9po par le fait d\u2019\u00eatre d\u00e8s le d\u00e9part con\u00e7u pour un clavier dont la g\u00e9om\u00e9trie est ergonomique. Alors que le B\u00e9po \u00e0 vocation \u00e0 s\u2019ins\u00e9rer dans l\u2019\u00e9cosyst\u00e8me\u00a0 norm\u00e9 existant avec les g\u00e9om\u00e9tries standards existantes tels que ISO (europ\u00e9en), ANSI (am\u00e9ricain) ou JIS (japonais).<\/p>\r\n<p>Ainsi, en un sens le K\u00e9a est un fork (projet d\u00e9riv\u00e9 du m\u00eame code source initial) du B\u00e9po pour d\u2019une part s\u2019adapter aux nouvelles possibilit\u00e9s de la g\u00e9om\u00e9trie ToucheLibre et d\u2019autre part pour offrir des possibilit\u00e9s nouvelles avec des caract\u00e9ristiques in\u00e9dites.<\/p>\r\n<p>Voir la suite.<\/p>\r\n<h1>Les paradigmes de la disposition K\u00e9a<\/h1>\r\n<p>Les choix initiaux pour construire cette disposition sont :<\/p>\r\n<ul>\r\n<li>Optimiser \u00e0 la fois pour le fran\u00e7ais, l\u2019anglais et l\u2019espagnol.<\/li>\r\n<li>Pouvoir \u00e9crire toutes les langues bas\u00e9 sur l\u2019alphabet latin en ayant en acc\u00e8s tous les types d\u2019accent imaginables.<\/li>\r\n<li>Faciliter la programmation en ayant tous les caract\u00e8res ASCII en acc\u00e8s facile.<\/li>\r\n<li>Acc\u00e9der aux symboles math\u00e9matiques et techniques courants.<\/li>\r\n<li>Acc\u00e9der \u00e0 l\u2019alphabet grec par une touche (dite) morte. C\u2019est fort utile en science.<\/li>\r\n<li>Limiter le mouvement lat\u00e9ral du petit doigt.<\/li>\r\n<li>Acc\u00e9der \u00e0 l\u2019alphabet phon\u00e9tique pour faciliter l\u2019apprentissage des langues.<\/li>\r\n<li>Faciliter la m\u00e9morisation du clavier en pla\u00e7ant l\u2019une \u00e0 c\u00f4t\u00e9 de l\u2019autre, les touches proches par la forme, par la phon\u00e9tique ou par leur origine historique (autant que possible en tout cas).<\/li>\r\n<li>Enfin, le K\u00e9a proposera une extension par proximit\u00e9 phon\u00e9tique vers les autres alphabet que le latin\u202f: Grec, Cyrillique, Arabe, H\u00e9breu, Bopomofo (alphabet phon\u00e9tique pour le Chinois) et les Kanas japonais.<\/li>\r\n<\/ul>\r\n<h1>Comment a \u00e9t\u00e9 con\u00e7ue la disposition K\u00e9a ?<\/h1>\r\n<h2>\u00a0Le point de d\u00e9part<\/h2>\r\n<p>J&#8217;ai fait le choix du B\u00e9po pour point de d\u00e9part car :<\/p>\r\n<ul>\r\n<li>il est pens\u00e9 pour le fran\u00e7ais\u00a0<\/li>\r\n<li>sa communaut\u00e9 tr\u00e8s active a g\u00e9n\u00e9r\u00e9 une grosse quantit\u00e9 de trucs et astuces fort inspirantes.<\/li>\r\n<\/ul>\r\n<h2>Construction d\u2019un corpus<\/h2>\r\n<p>Un corpus, dans le domaine des claviers, est une somme importante de textes que l\u2019on estime \u00eatre repr\u00e9sentative de la langue et de la diversit\u00e9 des usages. En calculant l\u2019occurrence de chacune des lettres, on en d\u00e9duit le taux d\u2019utilisation des lettres de l\u2019alphabet pour une langue donn\u00e9e. On parle aussi d\u2019analyse fr\u00e9quentielle. L\u2019\u00e9tablissement de cette connaissance est essentielle pour la mise en application de la m\u00e9thode Dvorak.<\/p>\r\n<p>Pour la petite histoire, l\u2019analyse fr\u00e9quentielle a \u00e9t\u00e9 \u00e0 l\u2019origine de la premi\u00e8re technique de d\u00e9codage des messages crypt\u00e9s fond\u00e9e sur les math\u00e9matiques. On doit cette trouvaille au savant arabe Al\u2011Kindi au <span class=\"romain\">I<\/span><span class=\"romain\">X<\/span><sup>e<\/sup>\u00a0si\u00e8cle.<\/p>\r\n<p>Pour le K\u00e9a, on a voulu optimiser la disposition \u00e0 la fois pour l\u2019anglais, le fran\u00e7ais et l\u2019espagnol (castillan), car ce sont 3 langues bas\u00e9es sur l\u2019alphabet latin. Et elles ont le statut de langues internationales (selon les crit\u00e8res de l\u2019ONU). Une langue obtient le statut de langue internationale par les crit\u00e8res suivants : nombre de locuteurs, nombres de pays qui ont cette langue pour langue officielle, l\u2019influence politique, l\u2019influence \u00e9conomique, l\u2019influence scientifique et technique et l\u2019influence culturelle. Les 3 autres langues \u00e0 avoir ce statut sont le russe, le chinois mandarin et l\u2019arabe classique.<\/p>\r\n<p>Ainsi, on est parti de 3 corpus existant pour ces 3 langues et on a fait une moyenne arithm\u00e9tique. Ce qui nous a donn\u00e9 le taux d\u2019utilisation suivant:<\/p>\r\n<p><img loading=\"lazy\" class=\"aligncenter size-full wp-image-269\" src=\"http:\/\/touchelibre.fr\/wp-content\/uploads\/2020\/02\/corpus_EN_FR_ES.png\" alt=\"\" width=\"372\" height=\"708\" srcset=\"https:\/\/touchelibre.fr\/wp-content\/uploads\/2020\/02\/corpus_EN_FR_ES.png 372w, https:\/\/touchelibre.fr\/wp-content\/uploads\/2020\/02\/corpus_EN_FR_ES-158x300.png 158w\" sizes=\"(max-width: 372px) 100vw, 372px\" \/><\/p>\r\n<p>&nbsp;<\/p>\r\n<p>On en d\u00e9duit donc imm\u00e9diatement le pr\u00e9\u2011positionnement suivant en se r\u00e9f\u00e9rant au taux d\u2019accessibilit\u00e9 d\u00e9fini \u00e0 la page \u00abG\u00e9om\u00e9trie\u00bb :<\/p>\r\n<p><img loading=\"lazy\" class=\"aligncenter size-full wp-image-273\" src=\"http:\/\/touchelibre.fr\/wp-content\/uploads\/2020\/02\/prepositionnement.png\" alt=\"\" width=\"1395\" height=\"806\" srcset=\"https:\/\/touchelibre.fr\/wp-content\/uploads\/2020\/02\/prepositionnement.png 1395w, https:\/\/touchelibre.fr\/wp-content\/uploads\/2020\/02\/prepositionnement-300x173.png 300w, https:\/\/touchelibre.fr\/wp-content\/uploads\/2020\/02\/prepositionnement-1024x592.png 1024w, https:\/\/touchelibre.fr\/wp-content\/uploads\/2020\/02\/prepositionnement-768x444.png 768w\" sizes=\"(max-width: 767px) 89vw, (max-width: 1000px) 54vw, (max-width: 1071px) 543px, 580px\" \/><\/p>\r\n<p>On obtient, et c\u2019est une chance, un bon \u00e9quilibre gauche \/ droite entre les voyelles les plus utilis\u00e9es et les consonnes les plus utilis\u00e9es.<\/p>\r\n<p>Toutes les voyelles sont traditionnellement plac\u00e9es \u00e0 gauche dans la m\u00e9thode Dvorak. Mais l\u2019inverse serait tout aussi viable. S\u00e9parer les voyelles et les consonnes permet de favoriser l\u2019alternance main gauche \/ main droite dans l\u2019ex\u00e9cution des digrammes (couple de lettre).<\/p>\r\n<p>En suite, il faut rentrer dans le d\u00e9tail pour ins\u00e9rer toutes les lettres et \u00e9quilibrer l\u2019utilisation des deux mains et les doigts les uns par rapport aux autres. On proc\u00e8de par t\u00e2tonnement et it\u00e9ration. C\u2019est a dire \u00ab\u00e0 la main\u00bb, on n\u2019a pas d\u00e9velopp\u00e9 d\u2019algorithme compliqu\u00e9 comme pour le B\u00e9po par exemple.<\/p>\r\n<p>Ce qui donne les r\u00e9sultats suivants:<\/p>\r\n<p>Pour le fran\u00e7ais\u202f:<\/p>\r\n<p><img loading=\"lazy\" class=\"aligncenter size-full wp-image-279\" src=\"http:\/\/touchelibre.fr\/wp-content\/uploads\/2020\/02\/Freq_francais.png\" alt=\"\" width=\"1307\" height=\"614\" srcset=\"https:\/\/touchelibre.fr\/wp-content\/uploads\/2020\/02\/Freq_francais.png 1307w, https:\/\/touchelibre.fr\/wp-content\/uploads\/2020\/02\/Freq_francais-300x141.png 300w, https:\/\/touchelibre.fr\/wp-content\/uploads\/2020\/02\/Freq_francais-1024x481.png 1024w, https:\/\/touchelibre.fr\/wp-content\/uploads\/2020\/02\/Freq_francais-768x361.png 768w\" sizes=\"(max-width: 767px) 89vw, (max-width: 1000px) 54vw, (max-width: 1071px) 543px, 580px\" \/><\/p>\r\n<p>Pour l\u2019anglais :<\/p>\r\n<p><img loading=\"lazy\" class=\"aligncenter size-full wp-image-270\" src=\"http:\/\/touchelibre.fr\/wp-content\/uploads\/2020\/02\/Freq_anglais.png\" alt=\"\" width=\"1308\" height=\"616\" srcset=\"https:\/\/touchelibre.fr\/wp-content\/uploads\/2020\/02\/Freq_anglais.png 1308w, https:\/\/touchelibre.fr\/wp-content\/uploads\/2020\/02\/Freq_anglais-300x141.png 300w, https:\/\/touchelibre.fr\/wp-content\/uploads\/2020\/02\/Freq_anglais-1024x482.png 1024w, https:\/\/touchelibre.fr\/wp-content\/uploads\/2020\/02\/Freq_anglais-768x362.png 768w\" sizes=\"(max-width: 767px) 89vw, (max-width: 1000px) 54vw, (max-width: 1071px) 543px, 580px\" \/><\/p>\r\n<p>Pour l\u2019espagnol :<\/p>\r\n<p><img loading=\"lazy\" class=\"aligncenter size-full wp-image-293\" src=\"http:\/\/touchelibre.fr\/wp-content\/uploads\/2020\/02\/Freq_espagnol_2.png\" alt=\"\" width=\"1133\" height=\"538\" srcset=\"https:\/\/touchelibre.fr\/wp-content\/uploads\/2020\/02\/Freq_espagnol_2.png 1133w, https:\/\/touchelibre.fr\/wp-content\/uploads\/2020\/02\/Freq_espagnol_2-300x142.png 300w, https:\/\/touchelibre.fr\/wp-content\/uploads\/2020\/02\/Freq_espagnol_2-1024x486.png 1024w, https:\/\/touchelibre.fr\/wp-content\/uploads\/2020\/02\/Freq_espagnol_2-768x365.png 768w\" sizes=\"(max-width: 767px) 89vw, (max-width: 1000px) 54vw, (max-width: 1071px) 543px, 580px\" \/><\/p>\r\n<p>On peut ainsi comparer la performance ergonomique du K\u00e9a par rapport au Qwerty ou Azerty (qui n\u2019est jamais qu\u2019une variante du qwerty).<\/p>\r\n<p><img loading=\"lazy\" class=\"aligncenter size-full wp-image-286\" src=\"http:\/\/touchelibre.fr\/wp-content\/uploads\/2020\/02\/performance_kea_vs_qwerty.png\" alt=\"\" width=\"1337\" height=\"466\" srcset=\"https:\/\/touchelibre.fr\/wp-content\/uploads\/2020\/02\/performance_kea_vs_qwerty.png 1337w, https:\/\/touchelibre.fr\/wp-content\/uploads\/2020\/02\/performance_kea_vs_qwerty-300x105.png 300w, https:\/\/touchelibre.fr\/wp-content\/uploads\/2020\/02\/performance_kea_vs_qwerty-1024x357.png 1024w, https:\/\/touchelibre.fr\/wp-content\/uploads\/2020\/02\/performance_kea_vs_qwerty-768x268.png 768w\" sizes=\"(max-width: 767px) 89vw, (max-width: 1000px) 54vw, (max-width: 1071px) 543px, 580px\" \/><\/p>\r\n<p>On constate qu\u2019\u00e0 tout point de vu le K\u00e9a est nettement meilleur que le qwerty.<\/p>\r\n<p>Par curiosit\u00e9, on a regard\u00e9 \u00e9galement ce que donne le K\u00e9a pour 12 autres langues europ\u00e9ennes.<\/p>\r\n<p><img loading=\"lazy\" class=\"aligncenter size-full wp-image-288\" src=\"http:\/\/touchelibre.fr\/wp-content\/uploads\/2020\/02\/perf_kea_autre_langue_1.png\" alt=\"\" width=\"828\" height=\"230\" srcset=\"https:\/\/touchelibre.fr\/wp-content\/uploads\/2020\/02\/perf_kea_autre_langue_1.png 828w, https:\/\/touchelibre.fr\/wp-content\/uploads\/2020\/02\/perf_kea_autre_langue_1-300x83.png 300w, https:\/\/touchelibre.fr\/wp-content\/uploads\/2020\/02\/perf_kea_autre_langue_1-768x213.png 768w\" sizes=\"(max-width: 767px) 89vw, (max-width: 1000px) 54vw, (max-width: 1071px) 543px, 580px\" \/><\/p>\r\n<p><img loading=\"lazy\" class=\"aligncenter size-full wp-image-289\" src=\"http:\/\/touchelibre.fr\/wp-content\/uploads\/2020\/02\/perf_kea_autre_langue_2.png\" alt=\"\" width=\"828\" height=\"230\" srcset=\"https:\/\/touchelibre.fr\/wp-content\/uploads\/2020\/02\/perf_kea_autre_langue_2.png 828w, https:\/\/touchelibre.fr\/wp-content\/uploads\/2020\/02\/perf_kea_autre_langue_2-300x83.png 300w, https:\/\/touchelibre.fr\/wp-content\/uploads\/2020\/02\/perf_kea_autre_langue_2-768x213.png 768w\" sizes=\"(max-width: 767px) 89vw, (max-width: 1000px) 54vw, (max-width: 1071px) 543px, 580px\" \/><\/p>\r\n<p>Et l\u00e0 surprise, le K\u00e9a est \u00e9galement tr\u00e8s bien adapt\u00e9 pour l\u2019islandais (mieux que l\u2019anglais!), bien adapt\u00e9 pour le hollandais et le turc. Pas si mal pour l\u2019italien, le portugais, le danois et le tch\u00e8que. Pas terrible en revanche pour l\u2019esp\u00e9ranto, l\u2019allemand, le su\u00e9dois, le polonais et le finnois.<\/p>\r\n<p>Par rapport au qwerty, le K\u00e9a am\u00e9liore la situation pour l\u2019allemand, le portugais, l\u2019italien, le su\u00e9dois, le hollandais, le danois, l\u2019islandais. D\u00e9gradation en revanche pour l\u2019esp\u00e9ranto, le polonais, le finnois et le tch\u00e8que.<\/p>\r\n<p>Qu\u2019on se le dise il est impossible d\u2019obtenir une bonne optimisation pour toutes les langues \u00e0 la fois. Il faut faire des choix. Toutefois le K\u00e9a obtient une bonne performance en la mati\u00e8re pour les principales langues europ\u00e9ennes. Ce qui enl\u00e8ve rien au fait que le K\u00e9a permet d\u2019\u00e9crire toutes les langues europ\u00e9ennes car elle permet l\u2019\u00e9criture de tous les signes diacritiques existants. Ce qui loin d\u2019\u00eatre le cas pour le qwerty, qui doit, lui, produire une grande quantit\u00e9 de variantes pour adresser toutes les langues \u00e0 base latine.<\/p>\r\n<p>&nbsp;<\/p>\r\n<h2>Quand l\u2019analyse fr\u00e9quentielle ne suffit pas<\/h2>\r\n<p>Si on a proc\u00e9d\u00e9 \u00ab\u00e0 la main\u00bb pour concevoir le K\u00e9a, c\u2019est parce que l\u2019analyse fr\u00e9quentielle ne peut favoriser les associations qui permettent une meilleure m\u00e9morisation du clavier. Explication.<\/p>\r\n<p>L\u2019analyse fr\u00e9quentielle est\u00a0 pertinente pour les caract\u00e8res les plus utilis\u00e9s. En revanche, on consid\u00e8re que l\u2019utilisation d\u2019une mn\u00e9motechnique est pr\u00e9f\u00e9rable pour les caract\u00e8res peu utilis\u00e9s. Car l\u2019automatisation de l\u2019\u00e9criture avec les caract\u00e8res sp\u00e9ciaux va forc\u00e9ment prendre beaucoup plus de temps. En ayant, un moyen de se souvenir on va plus vite dans la recherche.<\/p>\r\n<p>De plus, m\u00eame pour les lettres fortement utilis\u00e9es, on peut combiner la m\u00e9thode fr\u00e9quentielle et la m\u00e9thode mn\u00e9motechnique (autant que possible en tout cas).<\/p>\r\n<p>La logique mn\u00e9motechnique utilis\u00e9e est forc\u00e9ment arbitraire et peut \u00eatre discut\u00e9e. Pour K\u00e9a, on a choisi la logique de la phon\u00e9tique et de l\u2019origine historique.<\/p>\r\n<p>En effet, phon\u00e9tiquement:<\/p>\r\n<ul>\r\n<li>l et r sont proches. (En fran\u00e7ais, on s\u2019en rend pas bien compte car on utilise le r fricatif [\u0281]. Mais pour l\u2019anglais et l\u2019espagnol, c\u2019est \u00e9vident.)<\/li>\r\n<li>c et s ont une fois sur deux le m\u00eame son.<\/li>\r\n<li>d, t et b sont proches. ( le rapprochement du p n\u2019a pas \u00e9t\u00e9 possible.)<\/li>\r\n<li>n et m sont proches<\/li>\r\n<li>u et i sont proches dans la prononciation fran\u00e7aise (le son u s\u2019\u00e9crit [y] dans l\u2019API et la lettre y se prononce [i] pour un fran\u00e7ais)<\/li>\r\n<li>i et y sont proches. (i et y se prononcent [i] ou [j] selon le contexte.)<\/li>\r\n<\/ul>\r\n<p>Plus d\u2019information sur la phon\u00e9tique <a href=\"https:\/\/www.internationalphoneticassociation.org\/\">ici<\/a>, <a href=\"https:\/\/en.wikipedia.org\/wiki\/International_Phonetic_Alphabet\">ici<\/a> ou <a href=\"https:\/\/upload.wikimedia.org\/wikipedia\/commons\/8\/8e\/IPA_chart_2018.pdf\">encore ici<\/a>.<\/p>\r\n<p>&nbsp;<\/p>\r\n<p>En effet, historiquement:<\/p>\r\n<ul>\r\n<li>v a donn\u00e9 u et w<\/li>\r\n<li>i a donn\u00e9 j<\/li>\r\n<li>C a donn\u00e9 G<\/li>\r\n<\/ul>\r\n<p><img loading=\"lazy\" class=\"aligncenter size-full wp-image-300\" src=\"http:\/\/touchelibre.fr\/wp-content\/uploads\/2020\/02\/geneologie_alphabet.png\" alt=\"\" width=\"355\" height=\"1098\" srcset=\"https:\/\/touchelibre.fr\/wp-content\/uploads\/2020\/02\/geneologie_alphabet.png 355w, https:\/\/touchelibre.fr\/wp-content\/uploads\/2020\/02\/geneologie_alphabet-97x300.png 97w, https:\/\/touchelibre.fr\/wp-content\/uploads\/2020\/02\/geneologie_alphabet-331x1024.png 331w\" sizes=\"(max-width: 355px) 100vw, 355px\" \/><\/p>\r\n<p>Plus d\u2019information sur la g\u00e9n\u00e9alogie des alphabets <a href=\"https:\/\/fr.wikipedia.org\/wiki\/Histoire_de_l%27alphabet\">ici<\/a> et <a href=\"https:\/\/fr.wikipedia.org\/wiki\/G%C3%A9n%C3%A9alogie_des_%C3%A9critures_d%C3%A9riv%C3%A9es_du_protosina%C3%AFtique\">ici<\/a>.<\/p>\r\n<h1>Le K\u00e9a pour d\u2019autre syst\u00e8me d\u2019\u00e9criture ?<\/h1>\r\n<p>Pouvoir prendre en compte toutes les langues du monde est un r\u00eave compl\u00e8tement fou \u00e9tant donn\u00e9 la <a href=\"https:\/\/fr.wikipedia.org\/wiki\/Syst%C3%A8me_d%27%C3%A9criture#\/media\/Fichier:Writing_Systems.png\">diversit\u00e9 qu\u2019\u00e0 produit l\u2019humanit\u00e9<\/a>.<\/p>\r\n<p>Toutefois, il nous para\u00eet int\u00e9ressant d\u2019adresser au moins les langues internationales et quelques langues qui ont, disons, notre sympathie.<\/p>\r\n<p>En cours\u2026<\/p>\r\n","protected":false},"excerpt":{"rendered":"<p>Disposition\u202f: \u00c0 quels glyphes ou caract\u00e8res sont affect\u00e9s chacune des touches. &nbsp; K\u00e9a,\u00a0 une alternative extraordinaire au Qwerty &nbsp; &nbsp; K\u00e9a est bas\u00e9 sur la m\u00e9thode Dvorak et inspir\u00e9 du B\u00e9po. Pour obtenir une solution qui soit r\u00e9ellement ergonomique, une bonne g\u00e9om\u00e9trie ne suffit pas, il faut aussi choisir\u00a0 une bonne disposition de touche. C\u2019est &hellip; <\/p>\n<p class=\"link-more\"><a href=\"https:\/\/touchelibre.fr\/index.php\/la-disposition-kea\/\" class=\"more-link\">Continuer la lecture<span class=\"screen-reader-text\"> de &laquo;&nbsp;La Disposition K\u00e9a&nbsp;&raquo;<\/span><\/a><\/p>\n","protected":false},"author":1,"featured_media":0,"parent":0,"menu_order":0,"comment_status":"closed","ping_status":"closed","template":"","meta":[],"_links":{"self":[{"href":"https:\/\/touchelibre.fr\/index.php\/wp-json\/wp\/v2\/pages\/62"}],"collection":[{"href":"https:\/\/touchelibre.fr\/index.php\/wp-json\/wp\/v2\/pages"}],"about":[{"href":"https:\/\/touchelibre.fr\/index.php\/wp-json\/wp\/v2\/types\/page"}],"author":[{"embeddable":true,"href":"https:\/\/touchelibre.fr\/index.php\/wp-json\/wp\/v2\/users\/1"}],"replies":[{"embeddable":true,"href":"https:\/\/touchelibre.fr\/index.php\/wp-json\/wp\/v2\/comments?post=62"}],"version-history":[{"count":44,"href":"https:\/\/touchelibre.fr\/index.php\/wp-json\/wp\/v2\/pages\/62\/revisions"}],"predecessor-version":[{"id":496,"href":"https:\/\/touchelibre.fr\/index.php\/wp-json\/wp\/v2\/pages\/62\/revisions\/496"}],"wp:attachment":[{"href":"https:\/\/touchelibre.fr\/index.php\/wp-json\/wp\/v2\/media?parent=62"}],"curies":[{"name":"wp","href":"https:\/\/api.w.org\/{rel}","templated":true}]}}