{"id":385,"date":"2021-01-17T11:01:43","date_gmt":"2021-01-17T10:01:43","guid":{"rendered":"http:\/\/touchelibre.fr\/?page_id=385"},"modified":"2021-02-07T11:19:50","modified_gmt":"2021-02-07T10:19:50","slug":"nouni-un-nano-pc","status":"publish","type":"page","link":"https:\/\/touchelibre.fr\/index.php\/nouni-un-nano-pc\/","title":{"rendered":"Proton, un prototype de Nano PC"},"content":{"rendered":"<p>Proton est un nano PC\u202fbas\u00e9 sur un <a href=\"https:\/\/www.raspberrypi.org\/\">Rasberry Pi<\/a>. Je n\u2019ai pas travaill\u00e9 l\u2019\u00e9lectronique dans ce projet, je me suis limit\u00e9 \u00e0 r\u00e9aliser ici un joli habillage en bois. Un Rasberry Pi peut \u00eatre utilis\u00e9 comme un ordinateur minimaliste. L\u2019essentiel est possible : \u00e9crire avec toutes sortes de logiciel ; courriel ; internet ; d\u00e9veloppement logiciel\u2026 Mais il avoue ses limites sur les applications gourmandes comme\u202f: streaming vid\u00e9o sur internet ; logiciel en 3D ; jeux vid\u00e9os modernes\u2026<\/p>\n<p>Le but de Proton est p\u00e9dagogique \u00e0 plus d\u2019un titre\u202f: travailler le design, am\u00e9liorer ma technique de menuiserie et marqueterie, exp\u00e9rimenter les possibilit\u00e9s techniques d\u2019un nano\u2011PC pour les futures \u00e9volutions du clavier TouLi.<\/p>\n<p>&nbsp;<\/p>\n<p><img loading=\"lazy\" class=\"aligncenter size-full wp-image-356\" src=\"http:\/\/touchelibre.fr\/wp-content\/uploads\/2021\/01\/Nano_PC_ToucheLIbre_14.jpg\" alt=\"\" width=\"2048\" height=\"1536\" srcset=\"https:\/\/touchelibre.fr\/wp-content\/uploads\/2021\/01\/Nano_PC_ToucheLIbre_14.jpg 2048w, https:\/\/touchelibre.fr\/wp-content\/uploads\/2021\/01\/Nano_PC_ToucheLIbre_14-300x225.jpg 300w, https:\/\/touchelibre.fr\/wp-content\/uploads\/2021\/01\/Nano_PC_ToucheLIbre_14-1024x768.jpg 1024w, https:\/\/touchelibre.fr\/wp-content\/uploads\/2021\/01\/Nano_PC_ToucheLIbre_14-768x576.jpg 768w, https:\/\/touchelibre.fr\/wp-content\/uploads\/2021\/01\/Nano_PC_ToucheLIbre_14-1536x1152.jpg 1536w\" sizes=\"(max-width: 767px) 89vw, (max-width: 1000px) 54vw, (max-width: 1071px) 543px, 580px\" \/><\/p>\n<p><img loading=\"lazy\" class=\"aligncenter size-full wp-image-357\" src=\"http:\/\/touchelibre.fr\/wp-content\/uploads\/2021\/01\/Nano_PC_ToucheLIbre_18.jpg\" alt=\"\" width=\"2048\" height=\"1536\" srcset=\"https:\/\/touchelibre.fr\/wp-content\/uploads\/2021\/01\/Nano_PC_ToucheLIbre_18.jpg 2048w, https:\/\/touchelibre.fr\/wp-content\/uploads\/2021\/01\/Nano_PC_ToucheLIbre_18-300x225.jpg 300w, https:\/\/touchelibre.fr\/wp-content\/uploads\/2021\/01\/Nano_PC_ToucheLIbre_18-1024x768.jpg 1024w, https:\/\/touchelibre.fr\/wp-content\/uploads\/2021\/01\/Nano_PC_ToucheLIbre_18-768x576.jpg 768w, https:\/\/touchelibre.fr\/wp-content\/uploads\/2021\/01\/Nano_PC_ToucheLIbre_18-1536x1152.jpg 1536w\" sizes=\"(max-width: 767px) 89vw, (max-width: 1000px) 54vw, (max-width: 1071px) 543px, 580px\" \/><\/p>\n<p><img loading=\"lazy\" class=\"aligncenter size-full wp-image-362\" src=\"http:\/\/touchelibre.fr\/wp-content\/uploads\/2021\/01\/Nano_PC_ToucheLIbre_20.jpg\" alt=\"\" width=\"2048\" height=\"1536\" srcset=\"https:\/\/touchelibre.fr\/wp-content\/uploads\/2021\/01\/Nano_PC_ToucheLIbre_20.jpg 2048w, https:\/\/touchelibre.fr\/wp-content\/uploads\/2021\/01\/Nano_PC_ToucheLIbre_20-300x225.jpg 300w, https:\/\/touchelibre.fr\/wp-content\/uploads\/2021\/01\/Nano_PC_ToucheLIbre_20-1024x768.jpg 1024w, https:\/\/touchelibre.fr\/wp-content\/uploads\/2021\/01\/Nano_PC_ToucheLIbre_20-768x576.jpg 768w, https:\/\/touchelibre.fr\/wp-content\/uploads\/2021\/01\/Nano_PC_ToucheLIbre_20-1536x1152.jpg 1536w\" sizes=\"(max-width: 767px) 89vw, (max-width: 1000px) 54vw, (max-width: 1071px) 543px, 580px\" \/><\/p>\n<p><img loading=\"lazy\" class=\"aligncenter size-full wp-image-361\" src=\"http:\/\/touchelibre.fr\/wp-content\/uploads\/2021\/01\/Nano_PC_ToucheLIbre_19.jpg\" alt=\"\" width=\"2048\" height=\"1536\" srcset=\"https:\/\/touchelibre.fr\/wp-content\/uploads\/2021\/01\/Nano_PC_ToucheLIbre_19.jpg 2048w, https:\/\/touchelibre.fr\/wp-content\/uploads\/2021\/01\/Nano_PC_ToucheLIbre_19-300x225.jpg 300w, https:\/\/touchelibre.fr\/wp-content\/uploads\/2021\/01\/Nano_PC_ToucheLIbre_19-1024x768.jpg 1024w, https:\/\/touchelibre.fr\/wp-content\/uploads\/2021\/01\/Nano_PC_ToucheLIbre_19-768x576.jpg 768w, https:\/\/touchelibre.fr\/wp-content\/uploads\/2021\/01\/Nano_PC_ToucheLIbre_19-1536x1152.jpg 1536w\" sizes=\"(max-width: 767px) 89vw, (max-width: 1000px) 54vw, (max-width: 1071px) 543px, 580px\" \/><\/p>\n<p>Notez la minutie pour la r\u00e9alisation du filet et des a\u00e9rations.<\/p>\n<p><img loading=\"lazy\" class=\"aligncenter size-full wp-image-360\" src=\"http:\/\/touchelibre.fr\/wp-content\/uploads\/2021\/01\/Nano_PC_ToucheLIbre_17.jpg\" alt=\"\" width=\"2048\" height=\"1536\" srcset=\"https:\/\/touchelibre.fr\/wp-content\/uploads\/2021\/01\/Nano_PC_ToucheLIbre_17.jpg 2048w, https:\/\/touchelibre.fr\/wp-content\/uploads\/2021\/01\/Nano_PC_ToucheLIbre_17-300x225.jpg 300w, https:\/\/touchelibre.fr\/wp-content\/uploads\/2021\/01\/Nano_PC_ToucheLIbre_17-1024x768.jpg 1024w, https:\/\/touchelibre.fr\/wp-content\/uploads\/2021\/01\/Nano_PC_ToucheLIbre_17-768x576.jpg 768w, https:\/\/touchelibre.fr\/wp-content\/uploads\/2021\/01\/Nano_PC_ToucheLIbre_17-1536x1152.jpg 1536w\" sizes=\"(max-width: 767px) 89vw, (max-width: 1000px) 54vw, (max-width: 1071px) 543px, 580px\" \/><\/p>\n<p><img loading=\"lazy\" class=\"aligncenter size-full wp-image-359\" src=\"http:\/\/touchelibre.fr\/wp-content\/uploads\/2021\/01\/Nano_PC_ToucheLIbre_16.jpg\" alt=\"\" width=\"2048\" height=\"1536\" srcset=\"https:\/\/touchelibre.fr\/wp-content\/uploads\/2021\/01\/Nano_PC_ToucheLIbre_16.jpg 2048w, https:\/\/touchelibre.fr\/wp-content\/uploads\/2021\/01\/Nano_PC_ToucheLIbre_16-300x225.jpg 300w, https:\/\/touchelibre.fr\/wp-content\/uploads\/2021\/01\/Nano_PC_ToucheLIbre_16-1024x768.jpg 1024w, https:\/\/touchelibre.fr\/wp-content\/uploads\/2021\/01\/Nano_PC_ToucheLIbre_16-768x576.jpg 768w, https:\/\/touchelibre.fr\/wp-content\/uploads\/2021\/01\/Nano_PC_ToucheLIbre_16-1536x1152.jpg 1536w\" sizes=\"(max-width: 767px) 89vw, (max-width: 1000px) 54vw, (max-width: 1071px) 543px, 580px\" \/> <img loading=\"lazy\" class=\"aligncenter size-full wp-image-358\" src=\"http:\/\/touchelibre.fr\/wp-content\/uploads\/2021\/01\/Nano_PC_ToucheLIbre_15.jpg\" alt=\"\" width=\"2048\" height=\"1536\" srcset=\"https:\/\/touchelibre.fr\/wp-content\/uploads\/2021\/01\/Nano_PC_ToucheLIbre_15.jpg 2048w, https:\/\/touchelibre.fr\/wp-content\/uploads\/2021\/01\/Nano_PC_ToucheLIbre_15-300x225.jpg 300w, https:\/\/touchelibre.fr\/wp-content\/uploads\/2021\/01\/Nano_PC_ToucheLIbre_15-1024x768.jpg 1024w, https:\/\/touchelibre.fr\/wp-content\/uploads\/2021\/01\/Nano_PC_ToucheLIbre_15-768x576.jpg 768w, https:\/\/touchelibre.fr\/wp-content\/uploads\/2021\/01\/Nano_PC_ToucheLIbre_15-1536x1152.jpg 1536w\" sizes=\"(max-width: 767px) 89vw, (max-width: 1000px) 54vw, (max-width: 1071px) 543px, 580px\" \/><\/p>\n<p>La base est \u00e9quip\u00e9e d&#8217;une surface en li\u00e8ge, mat\u00e9riaux naturel aux propri\u00e9t\u00e9s antid\u00e9rapante.<\/p>\n<p><img loading=\"lazy\" class=\"aligncenter size-full wp-image-363\" src=\"http:\/\/touchelibre.fr\/wp-content\/uploads\/2021\/01\/Nano_PC_ToucheLIbre_21.jpg\" alt=\"\" width=\"2048\" height=\"1536\" srcset=\"https:\/\/touchelibre.fr\/wp-content\/uploads\/2021\/01\/Nano_PC_ToucheLIbre_21.jpg 2048w, https:\/\/touchelibre.fr\/wp-content\/uploads\/2021\/01\/Nano_PC_ToucheLIbre_21-300x225.jpg 300w, https:\/\/touchelibre.fr\/wp-content\/uploads\/2021\/01\/Nano_PC_ToucheLIbre_21-1024x768.jpg 1024w, https:\/\/touchelibre.fr\/wp-content\/uploads\/2021\/01\/Nano_PC_ToucheLIbre_21-768x576.jpg 768w, https:\/\/touchelibre.fr\/wp-content\/uploads\/2021\/01\/Nano_PC_ToucheLIbre_21-1536x1152.jpg 1536w\" sizes=\"(max-width: 767px) 89vw, (max-width: 1000px) 54vw, (max-width: 1071px) 543px, 580px\" \/><\/p>\n<p>Voici l\u2019int\u00e9rieur de la b\u00eate.<\/p>\n<p><img loading=\"lazy\" class=\"aligncenter size-full wp-image-355\" src=\"http:\/\/touchelibre.fr\/wp-content\/uploads\/2021\/01\/Nano_PC_ToucheLIbre_13.jpg\" alt=\"\" width=\"2048\" height=\"1536\" srcset=\"https:\/\/touchelibre.fr\/wp-content\/uploads\/2021\/01\/Nano_PC_ToucheLIbre_13.jpg 2048w, https:\/\/touchelibre.fr\/wp-content\/uploads\/2021\/01\/Nano_PC_ToucheLIbre_13-300x225.jpg 300w, https:\/\/touchelibre.fr\/wp-content\/uploads\/2021\/01\/Nano_PC_ToucheLIbre_13-1024x768.jpg 1024w, https:\/\/touchelibre.fr\/wp-content\/uploads\/2021\/01\/Nano_PC_ToucheLIbre_13-768x576.jpg 768w, https:\/\/touchelibre.fr\/wp-content\/uploads\/2021\/01\/Nano_PC_ToucheLIbre_13-1536x1152.jpg 1536w\" sizes=\"(max-width: 767px) 89vw, (max-width: 1000px) 54vw, (max-width: 1071px) 543px, 580px\" \/><\/p>\n<p>J\u2019ai eu pour l\u2019occasion la visite d\u2019une charmante bestiole.<\/p>\n<p><img loading=\"lazy\" class=\"aligncenter size-full wp-image-353\" src=\"http:\/\/touchelibre.fr\/wp-content\/uploads\/2021\/01\/Nano_PC_ToucheLIbre_10.jpg\" alt=\"\" width=\"2048\" height=\"1536\" srcset=\"https:\/\/touchelibre.fr\/wp-content\/uploads\/2021\/01\/Nano_PC_ToucheLIbre_10.jpg 2048w, https:\/\/touchelibre.fr\/wp-content\/uploads\/2021\/01\/Nano_PC_ToucheLIbre_10-300x225.jpg 300w, https:\/\/touchelibre.fr\/wp-content\/uploads\/2021\/01\/Nano_PC_ToucheLIbre_10-1024x768.jpg 1024w, https:\/\/touchelibre.fr\/wp-content\/uploads\/2021\/01\/Nano_PC_ToucheLIbre_10-768x576.jpg 768w, https:\/\/touchelibre.fr\/wp-content\/uploads\/2021\/01\/Nano_PC_ToucheLIbre_10-1536x1152.jpg 1536w\" sizes=\"(max-width: 767px) 89vw, (max-width: 1000px) 54vw, (max-width: 1071px) 543px, 580px\" \/><\/p>\n<p>Un scarab\u00e9e rhinoc\u00e9ros !<\/p>\n<p><img loading=\"lazy\" class=\"aligncenter size-full wp-image-354\" src=\"http:\/\/touchelibre.fr\/wp-content\/uploads\/2021\/01\/Nano_PC_ToucheLIbre_11.jpg\" alt=\"\" width=\"2048\" height=\"1536\" srcset=\"https:\/\/touchelibre.fr\/wp-content\/uploads\/2021\/01\/Nano_PC_ToucheLIbre_11.jpg 2048w, https:\/\/touchelibre.fr\/wp-content\/uploads\/2021\/01\/Nano_PC_ToucheLIbre_11-300x225.jpg 300w, https:\/\/touchelibre.fr\/wp-content\/uploads\/2021\/01\/Nano_PC_ToucheLIbre_11-1024x768.jpg 1024w, https:\/\/touchelibre.fr\/wp-content\/uploads\/2021\/01\/Nano_PC_ToucheLIbre_11-768x576.jpg 768w, https:\/\/touchelibre.fr\/wp-content\/uploads\/2021\/01\/Nano_PC_ToucheLIbre_11-1536x1152.jpg 1536w\" sizes=\"(max-width: 767px) 89vw, (max-width: 1000px) 54vw, (max-width: 1071px) 543px, 580px\" \/><\/p>\n<p>Tandis que je mettais du c\u0153ur \u00e0 l\u2019ouvrage, soudainement, j\u2019entendis un gros bourdonnement et truc qui m\u2019a tap\u00e9 dans le dos. Surprise\u202f! C\u2019\u00e9tait comme si la nature me tapait dans le dos pour me remercier. (Bon l\u00e0, je divague un peu car en r\u00e9alit\u00e9 il \u00e9tait juste attir\u00e9 par la lumi\u00e8re et la fen\u00eatre \u00e9tait ouverte. Mais c\u2019est comme \u00e7a qu\u2019on invente des mythes\u2026) Apr\u00e8s, j\u2019ai pas r\u00e9sist\u00e9 \u00e0 l\u2019envie de faire une photo avant de rel\u00e2cher le bel animal en pleine nature.<\/p>\n<h1>Voici les \u00e9tapes de fabrications.<\/h1>\n<p>D\u2019abord conception du bo\u00eetier.<\/p>\n<p><img loading=\"lazy\" class=\"aligncenter size-full wp-image-411\" src=\"http:\/\/touchelibre.fr\/wp-content\/uploads\/2021\/01\/nano-PC__ecran.png\" alt=\"\" width=\"1103\" height=\"793\" srcset=\"https:\/\/touchelibre.fr\/wp-content\/uploads\/2021\/01\/nano-PC__ecran.png 1103w, https:\/\/touchelibre.fr\/wp-content\/uploads\/2021\/01\/nano-PC__ecran-300x216.png 300w, https:\/\/touchelibre.fr\/wp-content\/uploads\/2021\/01\/nano-PC__ecran-1024x736.png 1024w, https:\/\/touchelibre.fr\/wp-content\/uploads\/2021\/01\/nano-PC__ecran-768x552.png 768w\" sizes=\"(max-width: 767px) 89vw, (max-width: 1000px) 54vw, (max-width: 1071px) 543px, 580px\" \/><\/p>\n<p>Les sources sont disponible ici : <a href=\"https:\/\/gitlab.com\/touchelibre\/Nano-PC_Proton-00\">https:\/\/gitlab.com\/touchelibre\/Nano-PC_Proton-00<\/a><\/p>\n<p>Puis fabrication des pi\u00e8ces.<\/p>\n<p><img loading=\"lazy\" class=\"aligncenter size-full wp-image-389\" src=\"http:\/\/touchelibre.fr\/wp-content\/uploads\/2021\/01\/Nano_PC_ToucheLIbre_01.jpg\" alt=\"\" width=\"2048\" height=\"1536\" srcset=\"https:\/\/touchelibre.fr\/wp-content\/uploads\/2021\/01\/Nano_PC_ToucheLIbre_01.jpg 2048w, https:\/\/touchelibre.fr\/wp-content\/uploads\/2021\/01\/Nano_PC_ToucheLIbre_01-300x225.jpg 300w, https:\/\/touchelibre.fr\/wp-content\/uploads\/2021\/01\/Nano_PC_ToucheLIbre_01-1024x768.jpg 1024w, https:\/\/touchelibre.fr\/wp-content\/uploads\/2021\/01\/Nano_PC_ToucheLIbre_01-768x576.jpg 768w, https:\/\/touchelibre.fr\/wp-content\/uploads\/2021\/01\/Nano_PC_ToucheLIbre_01-1536x1152.jpg 1536w\" sizes=\"(max-width: 767px) 89vw, (max-width: 1000px) 54vw, (max-width: 1071px) 543px, 580px\" \/><\/p>\n<p>Puis assemblage des pi\u00e8ces.<\/p>\n<p><img loading=\"lazy\" class=\"aligncenter size-full wp-image-390\" src=\"http:\/\/touchelibre.fr\/wp-content\/uploads\/2021\/01\/Nano_PC_ToucheLIbre_02.jpg\" alt=\"\" width=\"2048\" height=\"1536\" srcset=\"https:\/\/touchelibre.fr\/wp-content\/uploads\/2021\/01\/Nano_PC_ToucheLIbre_02.jpg 2048w, https:\/\/touchelibre.fr\/wp-content\/uploads\/2021\/01\/Nano_PC_ToucheLIbre_02-300x225.jpg 300w, https:\/\/touchelibre.fr\/wp-content\/uploads\/2021\/01\/Nano_PC_ToucheLIbre_02-1024x768.jpg 1024w, https:\/\/touchelibre.fr\/wp-content\/uploads\/2021\/01\/Nano_PC_ToucheLIbre_02-768x576.jpg 768w, https:\/\/touchelibre.fr\/wp-content\/uploads\/2021\/01\/Nano_PC_ToucheLIbre_02-1536x1152.jpg 1536w\" sizes=\"(max-width: 767px) 89vw, (max-width: 1000px) 54vw, (max-width: 1071px) 543px, 580px\" \/><\/p>\n<p><img loading=\"lazy\" class=\"aligncenter size-full wp-image-391\" src=\"http:\/\/touchelibre.fr\/wp-content\/uploads\/2021\/01\/Nano_PC_ToucheLIbre_03.jpg\" alt=\"\" width=\"2048\" height=\"1536\" srcset=\"https:\/\/touchelibre.fr\/wp-content\/uploads\/2021\/01\/Nano_PC_ToucheLIbre_03.jpg 2048w, https:\/\/touchelibre.fr\/wp-content\/uploads\/2021\/01\/Nano_PC_ToucheLIbre_03-300x225.jpg 300w, https:\/\/touchelibre.fr\/wp-content\/uploads\/2021\/01\/Nano_PC_ToucheLIbre_03-1024x768.jpg 1024w, https:\/\/touchelibre.fr\/wp-content\/uploads\/2021\/01\/Nano_PC_ToucheLIbre_03-768x576.jpg 768w, https:\/\/touchelibre.fr\/wp-content\/uploads\/2021\/01\/Nano_PC_ToucheLIbre_03-1536x1152.jpg 1536w\" sizes=\"(max-width: 767px) 89vw, (max-width: 1000px) 54vw, (max-width: 1071px) 543px, 580px\" \/><\/p>\n<p><img loading=\"lazy\" class=\"aligncenter size-full wp-image-392\" src=\"http:\/\/touchelibre.fr\/wp-content\/uploads\/2021\/01\/Nano_PC_ToucheLIbre_04.jpg\" alt=\"\" width=\"2048\" height=\"1536\" srcset=\"https:\/\/touchelibre.fr\/wp-content\/uploads\/2021\/01\/Nano_PC_ToucheLIbre_04.jpg 2048w, https:\/\/touchelibre.fr\/wp-content\/uploads\/2021\/01\/Nano_PC_ToucheLIbre_04-300x225.jpg 300w, https:\/\/touchelibre.fr\/wp-content\/uploads\/2021\/01\/Nano_PC_ToucheLIbre_04-1024x768.jpg 1024w, https:\/\/touchelibre.fr\/wp-content\/uploads\/2021\/01\/Nano_PC_ToucheLIbre_04-768x576.jpg 768w, https:\/\/touchelibre.fr\/wp-content\/uploads\/2021\/01\/Nano_PC_ToucheLIbre_04-1536x1152.jpg 1536w\" sizes=\"(max-width: 767px) 89vw, (max-width: 1000px) 54vw, (max-width: 1071px) 543px, 580px\" \/><\/p>\n<p>Puis ajout de feuilles de bois (3 couches) pour faire l\u2019arrondie.<\/p>\n<p><img loading=\"lazy\" class=\"aligncenter size-full wp-image-393\" src=\"http:\/\/touchelibre.fr\/wp-content\/uploads\/2021\/01\/Nano_PC_ToucheLIbre_05.jpg\" alt=\"\" width=\"2048\" height=\"1536\" srcset=\"https:\/\/touchelibre.fr\/wp-content\/uploads\/2021\/01\/Nano_PC_ToucheLIbre_05.jpg 2048w, https:\/\/touchelibre.fr\/wp-content\/uploads\/2021\/01\/Nano_PC_ToucheLIbre_05-300x225.jpg 300w, https:\/\/touchelibre.fr\/wp-content\/uploads\/2021\/01\/Nano_PC_ToucheLIbre_05-1024x768.jpg 1024w, https:\/\/touchelibre.fr\/wp-content\/uploads\/2021\/01\/Nano_PC_ToucheLIbre_05-768x576.jpg 768w, https:\/\/touchelibre.fr\/wp-content\/uploads\/2021\/01\/Nano_PC_ToucheLIbre_05-1536x1152.jpg 1536w\" sizes=\"(max-width: 767px) 89vw, (max-width: 1000px) 54vw, (max-width: 1071px) 543px, 580px\" \/><\/p>\n<p>D\u00e9coupe d&#8217;une feuille de bois qui fera l&#8217;habillage. (Des ouvertures de ventilation suppl\u00e9mentaires sont ajout\u00e9es pour simplifier une \u00e9ventuelle modification apr\u00e8s essais.)<\/p>\n<p><img loading=\"lazy\" class=\"aligncenter size-full wp-image-405\" src=\"http:\/\/touchelibre.fr\/wp-content\/uploads\/2021\/01\/P1010609.jpg\" alt=\"\" width=\"2048\" height=\"1536\" srcset=\"https:\/\/touchelibre.fr\/wp-content\/uploads\/2021\/01\/P1010609.jpg 2048w, https:\/\/touchelibre.fr\/wp-content\/uploads\/2021\/01\/P1010609-300x225.jpg 300w, https:\/\/touchelibre.fr\/wp-content\/uploads\/2021\/01\/P1010609-1024x768.jpg 1024w, https:\/\/touchelibre.fr\/wp-content\/uploads\/2021\/01\/P1010609-768x576.jpg 768w, https:\/\/touchelibre.fr\/wp-content\/uploads\/2021\/01\/P1010609-1536x1152.jpg 1536w\" sizes=\"(max-width: 767px) 89vw, (max-width: 1000px) 54vw, (max-width: 1071px) 543px, 580px\" \/><\/p>\n<p>Pour faire le pr\u00e9formage, la partie coud\u00e9e est humidifi\u00e9e et s\u00e8che sur la pi\u00e8ce.<\/p>\n<p><img loading=\"lazy\" class=\"aligncenter size-full wp-image-394\" src=\"http:\/\/touchelibre.fr\/wp-content\/uploads\/2021\/01\/Nano_PC_ToucheLIbre_06.jpg\" alt=\"\" width=\"2048\" height=\"1536\" srcset=\"https:\/\/touchelibre.fr\/wp-content\/uploads\/2021\/01\/Nano_PC_ToucheLIbre_06.jpg 2048w, https:\/\/touchelibre.fr\/wp-content\/uploads\/2021\/01\/Nano_PC_ToucheLIbre_06-300x225.jpg 300w, https:\/\/touchelibre.fr\/wp-content\/uploads\/2021\/01\/Nano_PC_ToucheLIbre_06-1024x768.jpg 1024w, https:\/\/touchelibre.fr\/wp-content\/uploads\/2021\/01\/Nano_PC_ToucheLIbre_06-768x576.jpg 768w, https:\/\/touchelibre.fr\/wp-content\/uploads\/2021\/01\/Nano_PC_ToucheLIbre_06-1536x1152.jpg 1536w\" sizes=\"(max-width: 767px) 89vw, (max-width: 1000px) 54vw, (max-width: 1071px) 543px, 580px\" \/><\/p>\n<p>Collage de la feuille. La feuille de placage pr\u00e9form\u00e9e est encoll\u00e9e \u00e0 la colle \u00e0 bois vynilique (colle blanche ordinaire) et s\u00e8che 30 minutes. Puis la feuille est plaqu\u00e9 \u00e0 la pi\u00e8ce gr\u00e2ce \u00e0 un fer \u00e0 repasser.<\/p>\n<p><img loading=\"lazy\" class=\"aligncenter size-full wp-image-395\" src=\"http:\/\/touchelibre.fr\/wp-content\/uploads\/2021\/01\/Nano_PC_ToucheLIbre_07.jpg\" alt=\"\" width=\"2048\" height=\"1536\" srcset=\"https:\/\/touchelibre.fr\/wp-content\/uploads\/2021\/01\/Nano_PC_ToucheLIbre_07.jpg 2048w, https:\/\/touchelibre.fr\/wp-content\/uploads\/2021\/01\/Nano_PC_ToucheLIbre_07-300x225.jpg 300w, https:\/\/touchelibre.fr\/wp-content\/uploads\/2021\/01\/Nano_PC_ToucheLIbre_07-1024x768.jpg 1024w, https:\/\/touchelibre.fr\/wp-content\/uploads\/2021\/01\/Nano_PC_ToucheLIbre_07-768x576.jpg 768w, https:\/\/touchelibre.fr\/wp-content\/uploads\/2021\/01\/Nano_PC_ToucheLIbre_07-1536x1152.jpg 1536w\" sizes=\"(max-width: 767px) 89vw, (max-width: 1000px) 54vw, (max-width: 1071px) 543px, 580px\" \/><\/p>\n<p>Les surplus des bords sont d\u00e9coup\u00e9s. Les cot\u00e9s avaient \u00e9t\u00e9 plaqu\u00e9s en premier.<\/p>\n<p><img loading=\"lazy\" class=\"aligncenter size-full wp-image-396\" src=\"http:\/\/touchelibre.fr\/wp-content\/uploads\/2021\/01\/Nano_PC_ToucheLIbre_08.jpg\" alt=\"\" width=\"2048\" height=\"1536\" srcset=\"https:\/\/touchelibre.fr\/wp-content\/uploads\/2021\/01\/Nano_PC_ToucheLIbre_08.jpg 2048w, https:\/\/touchelibre.fr\/wp-content\/uploads\/2021\/01\/Nano_PC_ToucheLIbre_08-300x225.jpg 300w, https:\/\/touchelibre.fr\/wp-content\/uploads\/2021\/01\/Nano_PC_ToucheLIbre_08-1024x768.jpg 1024w, https:\/\/touchelibre.fr\/wp-content\/uploads\/2021\/01\/Nano_PC_ToucheLIbre_08-768x576.jpg 768w, https:\/\/touchelibre.fr\/wp-content\/uploads\/2021\/01\/Nano_PC_ToucheLIbre_08-1536x1152.jpg 1536w\" sizes=\"(max-width: 767px) 89vw, (max-width: 1000px) 54vw, (max-width: 1071px) 543px, 580px\" \/><\/p>\n<p>Je fais le trou pour le ventilateur.<\/p>\n<p>Puis, je taille d\u00e9licatement une rainure pour coller ensuite le filet.<\/p>\n<p><img loading=\"lazy\" class=\"aligncenter size-full wp-image-397\" src=\"http:\/\/touchelibre.fr\/wp-content\/uploads\/2021\/01\/Nano_PC_ToucheLIbre_09.jpg\" alt=\"\" width=\"2048\" height=\"1536\" srcset=\"https:\/\/touchelibre.fr\/wp-content\/uploads\/2021\/01\/Nano_PC_ToucheLIbre_09.jpg 2048w, https:\/\/touchelibre.fr\/wp-content\/uploads\/2021\/01\/Nano_PC_ToucheLIbre_09-300x225.jpg 300w, https:\/\/touchelibre.fr\/wp-content\/uploads\/2021\/01\/Nano_PC_ToucheLIbre_09-1024x768.jpg 1024w, https:\/\/touchelibre.fr\/wp-content\/uploads\/2021\/01\/Nano_PC_ToucheLIbre_09-768x576.jpg 768w, https:\/\/touchelibre.fr\/wp-content\/uploads\/2021\/01\/Nano_PC_ToucheLIbre_09-1536x1152.jpg 1536w\" sizes=\"(max-width: 767px) 89vw, (max-width: 1000px) 54vw, (max-width: 1071px) 543px, 580px\" \/><\/p>\n<p>Voici une astuce pour tracer la hauteur des rainures de ventilation\u202f!<\/p>\n<p><img loading=\"lazy\" class=\"aligncenter size-full wp-image-403\" src=\"http:\/\/touchelibre.fr\/wp-content\/uploads\/2021\/01\/P1010632.jpg\" alt=\"\" width=\"2048\" height=\"1536\" srcset=\"https:\/\/touchelibre.fr\/wp-content\/uploads\/2021\/01\/P1010632.jpg 2048w, https:\/\/touchelibre.fr\/wp-content\/uploads\/2021\/01\/P1010632-300x225.jpg 300w, https:\/\/touchelibre.fr\/wp-content\/uploads\/2021\/01\/P1010632-1024x768.jpg 1024w, https:\/\/touchelibre.fr\/wp-content\/uploads\/2021\/01\/P1010632-768x576.jpg 768w, https:\/\/touchelibre.fr\/wp-content\/uploads\/2021\/01\/P1010632-1536x1152.jpg 1536w\" sizes=\"(max-width: 767px) 89vw, (max-width: 1000px) 54vw, (max-width: 1071px) 543px, 580px\" \/><\/p>\n<p>Fabrication d\u2019un filtre pour la ventilation avec des collants.<\/p>\n<p><img loading=\"lazy\" class=\"aligncenter size-full wp-image-402\" src=\"http:\/\/touchelibre.fr\/wp-content\/uploads\/2021\/01\/P1010666.jpg\" alt=\"\" width=\"2048\" height=\"1536\" srcset=\"https:\/\/touchelibre.fr\/wp-content\/uploads\/2021\/01\/P1010666.jpg 2048w, https:\/\/touchelibre.fr\/wp-content\/uploads\/2021\/01\/P1010666-300x225.jpg 300w, https:\/\/touchelibre.fr\/wp-content\/uploads\/2021\/01\/P1010666-1024x768.jpg 1024w, https:\/\/touchelibre.fr\/wp-content\/uploads\/2021\/01\/P1010666-768x576.jpg 768w, https:\/\/touchelibre.fr\/wp-content\/uploads\/2021\/01\/P1010666-1536x1152.jpg 1536w\" sizes=\"(max-width: 767px) 89vw, (max-width: 1000px) 54vw, (max-width: 1071px) 543px, 580px\" \/><\/p>\n<p><img loading=\"lazy\" class=\"aligncenter size-full wp-image-401\" src=\"http:\/\/touchelibre.fr\/wp-content\/uploads\/2021\/01\/P1010664.jpg\" alt=\"\" width=\"2048\" height=\"1536\" srcset=\"https:\/\/touchelibre.fr\/wp-content\/uploads\/2021\/01\/P1010664.jpg 2048w, https:\/\/touchelibre.fr\/wp-content\/uploads\/2021\/01\/P1010664-300x225.jpg 300w, https:\/\/touchelibre.fr\/wp-content\/uploads\/2021\/01\/P1010664-1024x768.jpg 1024w, https:\/\/touchelibre.fr\/wp-content\/uploads\/2021\/01\/P1010664-768x576.jpg 768w, https:\/\/touchelibre.fr\/wp-content\/uploads\/2021\/01\/P1010664-1536x1152.jpg 1536w\" sizes=\"(max-width: 767px) 89vw, (max-width: 1000px) 54vw, (max-width: 1071px) 543px, 580px\" \/><\/p>\n<p>Pose du ventilateur et des colonnettes pour l\u2019accueil de l\u2019\u00e9lectronique.<\/p>\n<p><img loading=\"lazy\" class=\"aligncenter size-full wp-image-406\" src=\"http:\/\/touchelibre.fr\/wp-content\/uploads\/2021\/01\/P1010638.jpg\" alt=\"\" width=\"2048\" height=\"1536\" srcset=\"https:\/\/touchelibre.fr\/wp-content\/uploads\/2021\/01\/P1010638.jpg 2048w, https:\/\/touchelibre.fr\/wp-content\/uploads\/2021\/01\/P1010638-300x225.jpg 300w, https:\/\/touchelibre.fr\/wp-content\/uploads\/2021\/01\/P1010638-1024x768.jpg 1024w, https:\/\/touchelibre.fr\/wp-content\/uploads\/2021\/01\/P1010638-768x576.jpg 768w, https:\/\/touchelibre.fr\/wp-content\/uploads\/2021\/01\/P1010638-1536x1152.jpg 1536w\" sizes=\"(max-width: 767px) 89vw, (max-width: 1000px) 54vw, (max-width: 1071px) 543px, 580px\" \/><\/p>\n","protected":false},"excerpt":{"rendered":"<p>Proton est un nano PC\u202fbas\u00e9 sur un Rasberry Pi. Je n\u2019ai pas travaill\u00e9 l\u2019\u00e9lectronique dans ce projet, je me suis limit\u00e9 \u00e0 r\u00e9aliser ici un joli habillage en bois. Un Rasberry Pi peut \u00eatre utilis\u00e9 comme un ordinateur minimaliste. L\u2019essentiel est possible : \u00e9crire avec toutes sortes de logiciel ; courriel ; internet ; d\u00e9veloppement &hellip; <\/p>\n<p class=\"link-more\"><a href=\"https:\/\/touchelibre.fr\/index.php\/nouni-un-nano-pc\/\" class=\"more-link\">Continuer la lecture<span class=\"screen-reader-text\"> de &laquo;&nbsp;Proton, un prototype de Nano PC&nbsp;&raquo;<\/span><\/a><\/p>\n","protected":false},"author":1,"featured_media":0,"parent":0,"menu_order":0,"comment_status":"closed","ping_status":"closed","template":"","meta":[],"_links":{"self":[{"href":"https:\/\/touchelibre.fr\/index.php\/wp-json\/wp\/v2\/pages\/385"}],"collection":[{"href":"https:\/\/touchelibre.fr\/index.php\/wp-json\/wp\/v2\/pages"}],"about":[{"href":"https:\/\/touchelibre.fr\/index.php\/wp-json\/wp\/v2\/types\/page"}],"author":[{"embeddable":true,"href":"https:\/\/touchelibre.fr\/index.php\/wp-json\/wp\/v2\/users\/1"}],"replies":[{"embeddable":true,"href":"https:\/\/touchelibre.fr\/index.php\/wp-json\/wp\/v2\/comments?post=385"}],"version-history":[{"count":14,"href":"https:\/\/touchelibre.fr\/index.php\/wp-json\/wp\/v2\/pages\/385\/revisions"}],"predecessor-version":[{"id":502,"href":"https:\/\/touchelibre.fr\/index.php\/wp-json\/wp\/v2\/pages\/385\/revisions\/502"}],"wp:attachment":[{"href":"https:\/\/touchelibre.fr\/index.php\/wp-json\/wp\/v2\/media?parent=385"}],"curies":[{"name":"wp","href":"https:\/\/api.w.org\/{rel}","templated":true}]}}